{"id":78,"date":"2019-03-21T15:39:03","date_gmt":"2019-03-21T15:39:03","guid":{"rendered":"https:\/\/psicologopgr.es\/psicologo-clinico-madrid\/?page_id=78"},"modified":"2020-04-23T08:18:19","modified_gmt":"2020-04-23T08:18:19","slug":"trauma-estres-postraumatico","status":"publish","type":"page","link":"https:\/\/psicologopgr.es\/psicologo-clinico-madrid\/problemas-psicologicos\/trauma-estres-postraumatico\/","title":{"rendered":"Trauma (estr\u00e9s postraum\u00e1tico)"},"content":{"rendered":"<p>[et_pb_section fb_built=\u00bb1&#8243; fullwidth=\u00bbon\u00bb _builder_version=\u00bb3.21.4&#8243; bottom_divider_style=\u00bbwave2&#8243; bottom_divider_color=\u00bb#ffffff\u00bb bottom_divider_height=\u00bb30px\u00bb z_index_tablet=\u00bb500&#8243; global_module=\u00bb493&#8243;][et_pb_fullwidth_post_title meta=\u00bboff\u00bb featured_placement=\u00bbbackground\u00bb text_color=\u00bblight\u00bb _builder_version=\u00bb3.23.2&#8243; title_font=\u00bb|300|||||||\u00bb title_font_size=\u00bb36px\u00bb use_background_color_gradient=\u00bbon\u00bb background_color_gradient_start=\u00bbrgba(43,135,218,0)\u00bb background_color_gradient_end=\u00bb#97bf0d\u00bb background_blend=\u00bbmultiply\u00bb title_font_size_tablet=\u00bb\u00bb title_font_size_phone=\u00bb28px\u00bb title_font_size_last_edited=\u00bbon|phone\u00bb z_index_tablet=\u00bb500&#8243; title_text_shadow_horizontal_length_tablet=\u00bb0px\u00bb title_text_shadow_vertical_length_tablet=\u00bb0px\u00bb title_text_shadow_blur_strength_tablet=\u00bb1px\u00bb meta_text_shadow_horizontal_length_tablet=\u00bb0px\u00bb meta_text_shadow_vertical_length_tablet=\u00bb0px\u00bb meta_text_shadow_blur_strength_tablet=\u00bb1px\u00bb box_shadow_horizontal_tablet=\u00bb0px\u00bb box_shadow_vertical_tablet=\u00bb0px\u00bb box_shadow_blur_tablet=\u00bb40px\u00bb box_shadow_spread_tablet=\u00bb0px\u00bb text_shadow_horizontal_length_tablet=\u00bb0px\u00bb text_shadow_vertical_length_tablet=\u00bb0px\u00bb text_shadow_blur_strength_tablet=\u00bb1px\u00bb][\/et_pb_fullwidth_post_title][\/et_pb_section][et_pb_section fb_built=\u00bb1&#8243; _builder_version=\u00bb3.22&#8243;][et_pb_row column_structure=\u00bb1_3,2_3&#8243; _builder_version=\u00bb3.25&#8243; background_size=\u00bbinitial\u00bb background_position=\u00bbtop_left\u00bb background_repeat=\u00bbrepeat\u00bb][et_pb_column type=\u00bb1_3&#8243; _builder_version=\u00bb3.0.47&#8243; custom_padding=\u00bb|||\u00bb custom_padding__hover=\u00bb|||\u00bb][et_pb_image src=\u00bbhttps:\/\/psicologopgr.es\/psicologo-clinico-madrid\/wp-content\/uploads\/2019\/03\/trauma.jpg\u00bb align_tablet=\u00bbcenter\u00bb align_phone=\u00bb\u00bb align_last_edited=\u00bbon|desktop\u00bb _builder_version=\u00bb3.23&#8243;]<br \/>\n[\/et_pb_image][\/et_pb_column][et_pb_column type=\u00bb2_3&#8243; _builder_version=\u00bb3.0.47&#8243; custom_padding=\u00bb|||\u00bb custom_padding__hover=\u00bb|||\u00bb][et_pb_text _builder_version=\u00bb3.27.4&#8243;]<\/p>\n<p>\u00bfHas sufrido alguna <strong>experiencia<\/strong> realmente <strong>dura<\/strong> en tu vida? Sientes que te ha pasado algo que te ha <strong>marcado<\/strong> para siempre. Quiz\u00e1 resulte <strong>dif\u00edcil<\/strong> ponerlo en palabras para <strong>describirlo<\/strong>. Quiz\u00e1 es algo que hayas contado a pocas personas. Incluso, tal vez, se trata de algo que jam\u00e1s has contado a nadie, por la <strong>verg\u00fcenza<\/strong> o el <strong>malestar<\/strong> que te produce. En estas circunstancias, el pasado parece seguir vivo en nuestro interior, como si no hubiera forma de librarnos de \u00e9l.<\/p>\n<p>Desgraciadamente, lo que sucede en nuestras vidas no siempre es feliz. A veces ocurren situaciones como las que describ\u00edamos. Tal vez se trate de una <strong>experiencia<\/strong> en la que tu vida haya corrido serio <strong>peligro<\/strong>. Quiz\u00e1 una agresi\u00f3n. Quiz\u00e1 una situaci\u00f3n de abuso. O algo que le haya sucedido a un ser querido cercano y que tu hayas presenciado. Es algo que no te puedes quitar de la cabeza. Algo que ha hecho que no seas el mismo de siempre.<\/p>\n<p>Es normal que, tras haber vivido alguna de estas <strong>situaciones<\/strong> tan <strong>extremas<\/strong> y <strong>traum\u00e1ticas<\/strong>, aparezcan alg\u00fan tipo de secuelas psicol\u00f3gicas. Por ejemplo, la <strong>sensaci\u00f3n de irrealidad<\/strong>, de vivir como en un sue\u00f1o o en una pel\u00edcula. O la <strong>presencia de pesadillas<\/strong>. O puede que nos <strong>sintamos<\/strong> muy <strong>nerviosos<\/strong>, con mucha activaci\u00f3n, con taquicardias, con falta de aire\u2026 en los momentos m\u00e1s insospechados.<\/p>\n<p>No te est\u00e1s volviendo loco. Lo que te sucede <strong>es normal<\/strong> si has vivido una experiencia desagradable fuera de lo com\u00fan. <strong>La mente necesita tomarse su tiempo<\/strong> para procesar adecuadamente lo sucedido. Todos los s\u00edntomas anteriores son fen\u00f3menos normales en estas situaciones.<\/p>\n<p>Desde aqu\u00ed <strong>puedo ayudarte<\/strong> a que, <strong>por ti mismo<\/strong> y a tu ritmo, puedas ir <strong>reprocesando<\/strong> esos recuerdos traum\u00e1ticos, <strong>integr\u00e1ndolos<\/strong> en tu vida de forma adecuada para que dejen de impedirte ser t\u00fa mismo. Es posible recuperar el control de tu propia vida. Para ello, te propongo <strong>aplicar<\/strong> una de las <strong>t\u00e9cnicas<\/strong> m\u00e1s <strong>novedosas<\/strong> y <strong>conocidas<\/strong> de la psicolog\u00eda, el <a href=\"https:\/\/psicologopgr.es\/psicologo-clinico-madrid\/tratamientos\/emdr\/\">EMDR<\/a>.<\/p>\n<p>Desde aqu\u00ed <strong>podemos ayudarte<\/strong>. No lo dudes y pide una <a href=\"https:\/\/psicologopgr.es\/psicologo-clinico-madrid\/contacto-y-citas\/\">primera cita<\/a>.<\/p>\n<p>[\/et_pb_text][\/et_pb_column][\/et_pb_row][\/et_pb_section]<\/p>\n","protected":false},"excerpt":{"rendered":"<p>\u00bfHas sufrido alguna experiencia realmente dura en tu vida? Sientes que te ha pasado algo que te ha marcado para siempre. Quiz\u00e1 resulte dif\u00edcil ponerlo en palabras para describirlo. Quiz\u00e1 es algo que hayas contado a pocas personas. Incluso, tal vez, se trata de algo que jam\u00e1s has contado a nadie, por la verg\u00fcenza o [&hellip;]<\/p>\n","protected":false},"author":2,"featured_media":582,"parent":13,"menu_order":0,"comment_status":"closed","ping_status":"closed","template":"","meta":{"_et_pb_use_builder":"on","_et_pb_old_content":"","_et_gb_content_width":"","footnotes":""},"class_list":["post-78","page","type-page","status-publish","has-post-thumbnail","hentry"],"_links":{"self":[{"href":"https:\/\/psicologopgr.es\/psicologo-clinico-madrid\/wp-json\/wp\/v2\/pages\/78","targetHints":{"allow":["GET"]}}],"collection":[{"href":"https:\/\/psicologopgr.es\/psicologo-clinico-madrid\/wp-json\/wp\/v2\/pages"}],"about":[{"href":"https:\/\/psicologopgr.es\/psicologo-clinico-madrid\/wp-json\/wp\/v2\/types\/page"}],"author":[{"embeddable":true,"href":"https:\/\/psicologopgr.es\/psicologo-clinico-madrid\/wp-json\/wp\/v2\/users\/2"}],"replies":[{"embeddable":true,"href":"https:\/\/psicologopgr.es\/psicologo-clinico-madrid\/wp-json\/wp\/v2\/comments?post=78"}],"version-history":[{"count":4,"href":"https:\/\/psicologopgr.es\/psicologo-clinico-madrid\/wp-json\/wp\/v2\/pages\/78\/revisions"}],"predecessor-version":[{"id":1205,"href":"https:\/\/psicologopgr.es\/psicologo-clinico-madrid\/wp-json\/wp\/v2\/pages\/78\/revisions\/1205"}],"up":[{"embeddable":true,"href":"https:\/\/psicologopgr.es\/psicologo-clinico-madrid\/wp-json\/wp\/v2\/pages\/13"}],"wp:featuredmedia":[{"embeddable":true,"href":"https:\/\/psicologopgr.es\/psicologo-clinico-madrid\/wp-json\/wp\/v2\/media\/582"}],"wp:attachment":[{"href":"https:\/\/psicologopgr.es\/psicologo-clinico-madrid\/wp-json\/wp\/v2\/media?parent=78"}],"curies":[{"name":"wp","href":"https:\/\/api.w.org\/{rel}","templated":true}]}}