{"id":70,"date":"2019-03-21T15:35:46","date_gmt":"2019-03-21T15:35:46","guid":{"rendered":"https:\/\/psicologopgr.es\/psicologo-clinico-madrid\/?page_id=70"},"modified":"2020-04-23T08:14:28","modified_gmt":"2020-04-23T08:14:28","slug":"obsesiones","status":"publish","type":"page","link":"https:\/\/psicologopgr.es\/psicologo-clinico-madrid\/problemas-psicologicos\/obsesiones\/","title":{"rendered":"Obsesiones"},"content":{"rendered":"<p>[et_pb_section fb_built=\u00bb1&#8243; fullwidth=\u00bbon\u00bb _builder_version=\u00bb3.21.4&#8243; bottom_divider_style=\u00bbwave2&#8243; bottom_divider_color=\u00bb#ffffff\u00bb bottom_divider_height=\u00bb30px\u00bb z_index_tablet=\u00bb500&#8243; global_module=\u00bb493&#8243;][et_pb_fullwidth_post_title meta=\u00bboff\u00bb featured_placement=\u00bbbackground\u00bb text_color=\u00bblight\u00bb _builder_version=\u00bb3.23.2&#8243; title_font=\u00bb|300|||||||\u00bb title_font_size=\u00bb36px\u00bb use_background_color_gradient=\u00bbon\u00bb background_color_gradient_start=\u00bbrgba(43,135,218,0)\u00bb background_color_gradient_end=\u00bb#97bf0d\u00bb background_blend=\u00bbmultiply\u00bb title_font_size_tablet=\u00bb\u00bb title_font_size_phone=\u00bb28px\u00bb title_font_size_last_edited=\u00bbon|phone\u00bb z_index_tablet=\u00bb500&#8243; title_text_shadow_horizontal_length_tablet=\u00bb0px\u00bb title_text_shadow_vertical_length_tablet=\u00bb0px\u00bb title_text_shadow_blur_strength_tablet=\u00bb1px\u00bb meta_text_shadow_horizontal_length_tablet=\u00bb0px\u00bb meta_text_shadow_vertical_length_tablet=\u00bb0px\u00bb meta_text_shadow_blur_strength_tablet=\u00bb1px\u00bb box_shadow_horizontal_tablet=\u00bb0px\u00bb box_shadow_vertical_tablet=\u00bb0px\u00bb box_shadow_blur_tablet=\u00bb40px\u00bb box_shadow_spread_tablet=\u00bb0px\u00bb text_shadow_horizontal_length_tablet=\u00bb0px\u00bb text_shadow_vertical_length_tablet=\u00bb0px\u00bb text_shadow_blur_strength_tablet=\u00bb1px\u00bb][\/et_pb_fullwidth_post_title][\/et_pb_section][et_pb_section fb_built=\u00bb1&#8243; _builder_version=\u00bb3.22&#8243;][et_pb_row column_structure=\u00bb1_3,2_3&#8243; _builder_version=\u00bb3.25&#8243; background_size=\u00bbinitial\u00bb background_position=\u00bbtop_left\u00bb background_repeat=\u00bbrepeat\u00bb][et_pb_column type=\u00bb1_3&#8243; _builder_version=\u00bb3.0.47&#8243; custom_padding=\u00bb|||\u00bb custom_padding__hover=\u00bb|||\u00bb][et_pb_image src=\u00bbhttps:\/\/psicologopgr.es\/psicologo-clinico-madrid\/wp-content\/uploads\/2019\/03\/obsesiones.jpg\u00bb align_tablet=\u00bbcenter\u00bb align_phone=\u00bb\u00bb align_last_edited=\u00bbon|desktop\u00bb _builder_version=\u00bb3.23&#8243;]<\/p>\n<p>[\/et_pb_image][\/et_pb_column][et_pb_column type=\u00bb2_3&#8243; _builder_version=\u00bb3.0.47&#8243; custom_padding=\u00bb|||\u00bb custom_padding__hover=\u00bb|||\u00bb][et_pb_text _builder_version=\u00bb3.27.4&#8243; z_index_tablet=\u00bb500&#8243; text_text_shadow_horizontal_length_tablet=\u00bb0px\u00bb text_text_shadow_vertical_length_tablet=\u00bb0px\u00bb text_text_shadow_blur_strength_tablet=\u00bb1px\u00bb link_text_shadow_horizontal_length_tablet=\u00bb0px\u00bb link_text_shadow_vertical_length_tablet=\u00bb0px\u00bb link_text_shadow_blur_strength_tablet=\u00bb1px\u00bb ul_text_shadow_horizontal_length_tablet=\u00bb0px\u00bb ul_text_shadow_vertical_length_tablet=\u00bb0px\u00bb ul_text_shadow_blur_strength_tablet=\u00bb1px\u00bb ol_text_shadow_horizontal_length_tablet=\u00bb0px\u00bb ol_text_shadow_vertical_length_tablet=\u00bb0px\u00bb ol_text_shadow_blur_strength_tablet=\u00bb1px\u00bb quote_text_shadow_horizontal_length_tablet=\u00bb0px\u00bb quote_text_shadow_vertical_length_tablet=\u00bb0px\u00bb quote_text_shadow_blur_strength_tablet=\u00bb1px\u00bb header_text_shadow_horizontal_length_tablet=\u00bb0px\u00bb header_text_shadow_vertical_length_tablet=\u00bb0px\u00bb header_text_shadow_blur_strength_tablet=\u00bb1px\u00bb header_2_text_shadow_horizontal_length_tablet=\u00bb0px\u00bb header_2_text_shadow_vertical_length_tablet=\u00bb0px\u00bb header_2_text_shadow_blur_strength_tablet=\u00bb1px\u00bb header_3_text_shadow_horizontal_length_tablet=\u00bb0px\u00bb header_3_text_shadow_vertical_length_tablet=\u00bb0px\u00bb header_3_text_shadow_blur_strength_tablet=\u00bb1px\u00bb header_4_text_shadow_horizontal_length_tablet=\u00bb0px\u00bb header_4_text_shadow_vertical_length_tablet=\u00bb0px\u00bb header_4_text_shadow_blur_strength_tablet=\u00bb1px\u00bb header_5_text_shadow_horizontal_length_tablet=\u00bb0px\u00bb header_5_text_shadow_vertical_length_tablet=\u00bb0px\u00bb header_5_text_shadow_blur_strength_tablet=\u00bb1px\u00bb header_6_text_shadow_horizontal_length_tablet=\u00bb0px\u00bb header_6_text_shadow_vertical_length_tablet=\u00bb0px\u00bb header_6_text_shadow_blur_strength_tablet=\u00bb1px\u00bb box_shadow_horizontal_tablet=\u00bb0px\u00bb box_shadow_vertical_tablet=\u00bb0px\u00bb box_shadow_blur_tablet=\u00bb40px\u00bb box_shadow_spread_tablet=\u00bb0px\u00bb]<\/p>\n<p>\u00bfPuedo volverme loco? \u00a1No controlo mis pensamientos! \u00bfMe estoy volviendo loco? \u00a1Tengo que dejar de pensar en esto! \u00bfNo puedo librarme de estos pensamientos? Si las frases anteriores te resultan familiares, probablemente lo est\u00e1s pasando muy mal.<\/p>\n<p>Seguramente sientes que, en algunos momentos, tu mente parece escapar a tu control, inund\u00e1ndote de <strong>pensamientos insoportables<\/strong>, que te hacen da\u00f1o y no te dejan vivir. Estos pensamientos pueden ser de muchos tipos: <strong>obscenidades<\/strong>, <strong>insultos<\/strong>, <strong>dudas<\/strong> sobre ti mismo o sobre tus capacidades, <strong>ideas<\/strong> absurdas, <strong>temores<\/strong> sobre el futuro, <strong>miedo<\/strong> a que suceda algo malo a ti o a tu familia, \u201c<strong>malos pensamientos<\/strong>\u201d, <strong>recuerdos<\/strong> de algo que ha sucedido, <strong>ideas<\/strong> deprimentes\u2026 o hasta el <strong>pensamiento<\/strong> de que puedes llegar a hacer las cosas m\u00e1s terribles a ti mismo o a otras personas, incluso a seres queridos. Por m\u00e1s que lo intentemos, por mucho que luchemos contra ellos, ah\u00ed siguen.<\/p>\n<p>No te est\u00e1s volviendo loco. De esta situaci\u00f3n, <strong>se sale<\/strong>. En la mayor\u00eda de las ocasiones, es posible conseguir una <strong>gran mejor\u00eda<\/strong> en un plazo muy breve de tiempo. Aunque parezca incre\u00edble, es posible <strong>desbloquear el problema<\/strong> de una forma r\u00e1pida y eficaz. No eres la \u00fanica persona que ha pasado por una situaci\u00f3n semejante.<\/p>\n<p>Recuperar la <strong>tranquilidad<\/strong> puede estar al alcance de tu mano. \u00bfEst\u00e1s dispuesto a intentarlo? \u00a1Te espero para<strong> trabajar juntos<\/strong>!<\/p>\n<p>Desde aqu\u00ed <strong>podemos ayudarte<\/strong>. No lo dudes y pide una <a href=\"https:\/\/psicologopgr.es\/psicologo-clinico-madrid\/contacto-y-citas\/\">primera cita<\/a>.<\/p>\n<p>[\/et_pb_text][\/et_pb_column][\/et_pb_row][\/et_pb_section]<\/p>\n","protected":false},"excerpt":{"rendered":"<p>\u00bfPuedo volverme loco? \u00a1No controlo mis pensamientos! \u00bfMe estoy volviendo loco? \u00a1Tengo que dejar de pensar en esto! \u00bfNo puedo librarme de estos pensamientos? Si las frases anteriores te resultan familiares, probablemente lo est\u00e1s pasando muy mal. Seguramente sientes que, en algunos momentos, tu mente parece escapar a tu control, inund\u00e1ndote de pensamientos insoportables, que [&hellip;]<\/p>\n","protected":false},"author":2,"featured_media":582,"parent":13,"menu_order":0,"comment_status":"closed","ping_status":"closed","template":"","meta":{"_et_pb_use_builder":"on","_et_pb_old_content":"","_et_gb_content_width":"","footnotes":""},"class_list":["post-70","page","type-page","status-publish","has-post-thumbnail","hentry"],"_links":{"self":[{"href":"https:\/\/psicologopgr.es\/psicologo-clinico-madrid\/wp-json\/wp\/v2\/pages\/70","targetHints":{"allow":["GET"]}}],"collection":[{"href":"https:\/\/psicologopgr.es\/psicologo-clinico-madrid\/wp-json\/wp\/v2\/pages"}],"about":[{"href":"https:\/\/psicologopgr.es\/psicologo-clinico-madrid\/wp-json\/wp\/v2\/types\/page"}],"author":[{"embeddable":true,"href":"https:\/\/psicologopgr.es\/psicologo-clinico-madrid\/wp-json\/wp\/v2\/users\/2"}],"replies":[{"embeddable":true,"href":"https:\/\/psicologopgr.es\/psicologo-clinico-madrid\/wp-json\/wp\/v2\/comments?post=70"}],"version-history":[{"count":4,"href":"https:\/\/psicologopgr.es\/psicologo-clinico-madrid\/wp-json\/wp\/v2\/pages\/70\/revisions"}],"predecessor-version":[{"id":1202,"href":"https:\/\/psicologopgr.es\/psicologo-clinico-madrid\/wp-json\/wp\/v2\/pages\/70\/revisions\/1202"}],"up":[{"embeddable":true,"href":"https:\/\/psicologopgr.es\/psicologo-clinico-madrid\/wp-json\/wp\/v2\/pages\/13"}],"wp:featuredmedia":[{"embeddable":true,"href":"https:\/\/psicologopgr.es\/psicologo-clinico-madrid\/wp-json\/wp\/v2\/media\/582"}],"wp:attachment":[{"href":"https:\/\/psicologopgr.es\/psicologo-clinico-madrid\/wp-json\/wp\/v2\/media?parent=70"}],"curies":[{"name":"wp","href":"https:\/\/api.w.org\/{rel}","templated":true}]}}