{"id":66,"date":"2019-03-21T15:34:12","date_gmt":"2019-03-21T15:34:12","guid":{"rendered":"https:\/\/psicologopgr.es\/psicologo-clinico-madrid\/?page_id=66"},"modified":"2020-04-23T07:14:13","modified_gmt":"2020-04-23T07:14:13","slug":"ansiedad","status":"publish","type":"page","link":"https:\/\/psicologopgr.es\/psicologo-clinico-madrid\/problemas-psicologicos\/ansiedad\/","title":{"rendered":"Ansiedad"},"content":{"rendered":"<p>[et_pb_section fb_built=\u00bb1&#8243; fullwidth=\u00bbon\u00bb _builder_version=\u00bb3.21.4&#8243; bottom_divider_style=\u00bbwave2&#8243; bottom_divider_color=\u00bb#ffffff\u00bb bottom_divider_height=\u00bb30px\u00bb z_index_tablet=\u00bb500&#8243; global_module=\u00bb493&#8243;][et_pb_fullwidth_post_title meta=\u00bboff\u00bb featured_placement=\u00bbbackground\u00bb text_color=\u00bblight\u00bb _builder_version=\u00bb3.23.2&#8243; title_font=\u00bb|300|||||||\u00bb title_font_size=\u00bb36px\u00bb use_background_color_gradient=\u00bbon\u00bb background_color_gradient_start=\u00bbrgba(43,135,218,0)\u00bb background_color_gradient_end=\u00bb#97bf0d\u00bb background_blend=\u00bbmultiply\u00bb title_font_size_tablet=\u00bb\u00bb title_font_size_phone=\u00bb28px\u00bb title_font_size_last_edited=\u00bbon|phone\u00bb z_index_tablet=\u00bb500&#8243; title_text_shadow_horizontal_length_tablet=\u00bb0px\u00bb title_text_shadow_vertical_length_tablet=\u00bb0px\u00bb title_text_shadow_blur_strength_tablet=\u00bb1px\u00bb meta_text_shadow_horizontal_length_tablet=\u00bb0px\u00bb meta_text_shadow_vertical_length_tablet=\u00bb0px\u00bb meta_text_shadow_blur_strength_tablet=\u00bb1px\u00bb box_shadow_horizontal_tablet=\u00bb0px\u00bb box_shadow_vertical_tablet=\u00bb0px\u00bb box_shadow_blur_tablet=\u00bb40px\u00bb box_shadow_spread_tablet=\u00bb0px\u00bb text_shadow_horizontal_length_tablet=\u00bb0px\u00bb text_shadow_vertical_length_tablet=\u00bb0px\u00bb text_shadow_blur_strength_tablet=\u00bb1px\u00bb][\/et_pb_fullwidth_post_title][\/et_pb_section][et_pb_section fb_built=\u00bb1&#8243; _builder_version=\u00bb3.22&#8243;][et_pb_row _builder_version=\u00bb3.25&#8243; background_size=\u00bbinitial\u00bb background_position=\u00bbtop_left\u00bb background_repeat=\u00bbrepeat\u00bb column_structure=\u00bb1_3,2_3&#8243;][et_pb_column type=\u00bb1_3&#8243; _builder_version=\u00bb3.0.47&#8243; custom_padding=\u00bb|||\u00bb custom_padding__hover=\u00bb|||\u00bb][et_pb_image src=\u00bbhttps:\/\/psicologopgr.es\/psicologo-clinico-madrid\/wp-content\/uploads\/2019\/03\/ansiedad.jpg\u00bb align_tablet=\u00bbcenter\u00bb align_phone=\u00bb\u00bb align_last_edited=\u00bbon|desktop\u00bb _builder_version=\u00bb3.23&#8243;]<br \/>\n[\/et_pb_image][\/et_pb_column][et_pb_column type=\u00bb2_3&#8243; _builder_version=\u00bb3.0.47&#8243; custom_padding=\u00bb|||\u00bb custom_padding__hover=\u00bb|||\u00bb][et_pb_text _builder_version=\u00bb3.27.4&#8243; z_index_tablet=\u00bb500&#8243; text_text_shadow_horizontal_length_tablet=\u00bb0px\u00bb text_text_shadow_vertical_length_tablet=\u00bb0px\u00bb text_text_shadow_blur_strength_tablet=\u00bb1px\u00bb link_text_shadow_horizontal_length_tablet=\u00bb0px\u00bb link_text_shadow_vertical_length_tablet=\u00bb0px\u00bb link_text_shadow_blur_strength_tablet=\u00bb1px\u00bb ul_text_shadow_horizontal_length_tablet=\u00bb0px\u00bb ul_text_shadow_vertical_length_tablet=\u00bb0px\u00bb ul_text_shadow_blur_strength_tablet=\u00bb1px\u00bb ol_text_shadow_horizontal_length_tablet=\u00bb0px\u00bb ol_text_shadow_vertical_length_tablet=\u00bb0px\u00bb ol_text_shadow_blur_strength_tablet=\u00bb1px\u00bb quote_text_shadow_horizontal_length_tablet=\u00bb0px\u00bb quote_text_shadow_vertical_length_tablet=\u00bb0px\u00bb quote_text_shadow_blur_strength_tablet=\u00bb1px\u00bb header_text_shadow_horizontal_length_tablet=\u00bb0px\u00bb header_text_shadow_vertical_length_tablet=\u00bb0px\u00bb header_text_shadow_blur_strength_tablet=\u00bb1px\u00bb header_2_text_shadow_horizontal_length_tablet=\u00bb0px\u00bb header_2_text_shadow_vertical_length_tablet=\u00bb0px\u00bb header_2_text_shadow_blur_strength_tablet=\u00bb1px\u00bb header_3_text_shadow_horizontal_length_tablet=\u00bb0px\u00bb header_3_text_shadow_vertical_length_tablet=\u00bb0px\u00bb header_3_text_shadow_blur_strength_tablet=\u00bb1px\u00bb header_4_text_shadow_horizontal_length_tablet=\u00bb0px\u00bb header_4_text_shadow_vertical_length_tablet=\u00bb0px\u00bb header_4_text_shadow_blur_strength_tablet=\u00bb1px\u00bb header_5_text_shadow_horizontal_length_tablet=\u00bb0px\u00bb header_5_text_shadow_vertical_length_tablet=\u00bb0px\u00bb header_5_text_shadow_blur_strength_tablet=\u00bb1px\u00bb header_6_text_shadow_horizontal_length_tablet=\u00bb0px\u00bb header_6_text_shadow_vertical_length_tablet=\u00bb0px\u00bb header_6_text_shadow_blur_strength_tablet=\u00bb1px\u00bb box_shadow_horizontal_tablet=\u00bb0px\u00bb box_shadow_vertical_tablet=\u00bb0px\u00bb box_shadow_blur_tablet=\u00bb40px\u00bb box_shadow_spread_tablet=\u00bb0px\u00bb]<\/p>\n<p>La <strong>ansiedad<\/strong> es una <strong>respuesta<\/strong> de nuestro organismo ante situaciones <strong>dif\u00edciles<\/strong> o <strong>peligrosas<\/strong> que se nos presentan en la vida. Un poco de tensi\u00f3n o ansiedad es <strong>normal<\/strong> y puede <strong>ayudarnos<\/strong> a responder mejor frente a cualquier desaf\u00edo. Todos hemos sentido algo de ansiedad de vez en cuando.<\/p>\n<p>Sin embargo, muchas veces el nivel de <strong>ansiedad<\/strong> aumenta hasta tal punto que nos resulta <strong>inmanejable<\/strong> y se convierte en un aut\u00e9ntico <strong>problema<\/strong>. La ansiedad deja de ser ese peque\u00f1o nerviosismo que nos activa y nos obliga a estar m\u00e1s <strong>atentos<\/strong> y se convierte en nuestro m\u00e1s peligroso <strong>enemigo<\/strong>. La ansiedad parece <strong>controlarnos<\/strong>, domin\u00e1ndonos hasta el punto de que a veces la tarea m\u00e1s sencilla se convierte en algo extremadamente <strong>dif\u00edcil<\/strong>.<\/p>\n<p>Surgen entonces los <strong>s\u00edntomas<\/strong> ansiosos. Algunos son puramente <strong>mentales<\/strong> (inquietud, preocupaciones, rumiaciones, dificultades de atenci\u00f3n, inseguridad, temor, incertidumbre, incapacidad de pensar con claridad, obsesiones, miedo al futuro, sensaci\u00f3n de que no vamos a ser capaces de hacer frente a aquello que nos amenaza, etc.) y s\u00edntomas <strong>f\u00edsicos<\/strong> (nerviosismo, tensi\u00f3n, dolores y molestias, v\u00f3mitos, taquicardias, palpitaciones, mareos, v\u00f3mitos, sensaci\u00f3n de opresi\u00f3n en el pecho, falta de aire, sudor, temblores, sensaci\u00f3n de nudo en el est\u00f3mago, dificultades de sue\u00f1o\u2026).<\/p>\n<p>Desde aqu\u00ed <strong>podemos ayudarte<\/strong>. No lo dudes y pide una <a href=\"https:\/\/psicologopgr.es\/psicologo-clinico-madrid\/contacto-y-citas\/\">primera cita<\/a>.<\/p>\n<p>[\/et_pb_text][\/et_pb_column][\/et_pb_row][\/et_pb_section]<\/p>\n","protected":false},"excerpt":{"rendered":"<p>La ansiedad es una respuesta de nuestro organismo ante situaciones dif\u00edciles o peligrosas que se nos presentan en la vida. Un poco de tensi\u00f3n o ansiedad es normal y puede ayudarnos a responder mejor frente a cualquier desaf\u00edo. Todos hemos sentido algo de ansiedad de vez en cuando. Sin embargo, muchas veces el nivel de [&hellip;]<\/p>\n","protected":false},"author":2,"featured_media":582,"parent":13,"menu_order":0,"comment_status":"closed","ping_status":"closed","template":"","meta":{"_et_pb_use_builder":"on","_et_pb_old_content":"","_et_gb_content_width":"","footnotes":""},"class_list":["post-66","page","type-page","status-publish","has-post-thumbnail","hentry"],"_links":{"self":[{"href":"https:\/\/psicologopgr.es\/psicologo-clinico-madrid\/wp-json\/wp\/v2\/pages\/66","targetHints":{"allow":["GET"]}}],"collection":[{"href":"https:\/\/psicologopgr.es\/psicologo-clinico-madrid\/wp-json\/wp\/v2\/pages"}],"about":[{"href":"https:\/\/psicologopgr.es\/psicologo-clinico-madrid\/wp-json\/wp\/v2\/types\/page"}],"author":[{"embeddable":true,"href":"https:\/\/psicologopgr.es\/psicologo-clinico-madrid\/wp-json\/wp\/v2\/users\/2"}],"replies":[{"embeddable":true,"href":"https:\/\/psicologopgr.es\/psicologo-clinico-madrid\/wp-json\/wp\/v2\/comments?post=66"}],"version-history":[{"count":3,"href":"https:\/\/psicologopgr.es\/psicologo-clinico-madrid\/wp-json\/wp\/v2\/pages\/66\/revisions"}],"predecessor-version":[{"id":1191,"href":"https:\/\/psicologopgr.es\/psicologo-clinico-madrid\/wp-json\/wp\/v2\/pages\/66\/revisions\/1191"}],"up":[{"embeddable":true,"href":"https:\/\/psicologopgr.es\/psicologo-clinico-madrid\/wp-json\/wp\/v2\/pages\/13"}],"wp:featuredmedia":[{"embeddable":true,"href":"https:\/\/psicologopgr.es\/psicologo-clinico-madrid\/wp-json\/wp\/v2\/media\/582"}],"wp:attachment":[{"href":"https:\/\/psicologopgr.es\/psicologo-clinico-madrid\/wp-json\/wp\/v2\/media?parent=66"}],"curies":[{"name":"wp","href":"https:\/\/api.w.org\/{rel}","templated":true}]}}