{"id":17,"date":"2019-03-21T13:42:20","date_gmt":"2019-03-21T13:42:20","guid":{"rendered":"https:\/\/psicologopgr.es\/psicologo-clinico-madrid\/?page_id=17"},"modified":"2020-04-23T08:34:07","modified_gmt":"2020-04-23T08:34:07","slug":"quien-soy","status":"publish","type":"page","link":"https:\/\/psicologopgr.es\/psicologo-clinico-madrid\/quien-soy\/","title":{"rendered":"Qui\u00e9n Soy"},"content":{"rendered":"<p>[et_pb_section fb_built=\u00bb1&#8243; fullwidth=\u00bbon\u00bb _builder_version=\u00bb3.21.4&#8243; bottom_divider_style=\u00bbwave2&#8243; bottom_divider_color=\u00bb#ffffff\u00bb bottom_divider_height=\u00bb30px\u00bb z_index_tablet=\u00bb500&#8243; global_module=\u00bb493&#8243;][et_pb_fullwidth_post_title meta=\u00bboff\u00bb featured_placement=\u00bbbackground\u00bb text_color=\u00bblight\u00bb _builder_version=\u00bb3.23.2&#8243; title_font=\u00bb|300|||||||\u00bb title_font_size=\u00bb36px\u00bb use_background_color_gradient=\u00bbon\u00bb background_color_gradient_start=\u00bbrgba(43,135,218,0)\u00bb background_color_gradient_end=\u00bb#97bf0d\u00bb background_blend=\u00bbmultiply\u00bb title_font_size_tablet=\u00bb\u00bb title_font_size_phone=\u00bb28px\u00bb title_font_size_last_edited=\u00bbon|phone\u00bb z_index_tablet=\u00bb500&#8243; title_text_shadow_horizontal_length_tablet=\u00bb0px\u00bb title_text_shadow_vertical_length_tablet=\u00bb0px\u00bb title_text_shadow_blur_strength_tablet=\u00bb1px\u00bb meta_text_shadow_horizontal_length_tablet=\u00bb0px\u00bb meta_text_shadow_vertical_length_tablet=\u00bb0px\u00bb meta_text_shadow_blur_strength_tablet=\u00bb1px\u00bb box_shadow_horizontal_tablet=\u00bb0px\u00bb box_shadow_vertical_tablet=\u00bb0px\u00bb box_shadow_blur_tablet=\u00bb40px\u00bb box_shadow_spread_tablet=\u00bb0px\u00bb text_shadow_horizontal_length_tablet=\u00bb0px\u00bb text_shadow_vertical_length_tablet=\u00bb0px\u00bb text_shadow_blur_strength_tablet=\u00bb1px\u00bb][\/et_pb_fullwidth_post_title][\/et_pb_section][et_pb_section fb_built=\u00bb1&#8243; _builder_version=\u00bb3.22.3&#8243;][et_pb_row _builder_version=\u00bb3.25&#8243; column_structure=\u00bb2_5,3_5&#8243;][et_pb_column type=\u00bb2_5&#8243; _builder_version=\u00bb3.0.47&#8243; custom_padding=\u00bb|||\u00bb custom_padding__hover=\u00bb|||\u00bb][et_pb_code _builder_version=\u00bb3.23.2&#8243; z_index_tablet=\u00bb500&#8243;]<iframe loading=\"lazy\" src=\"https:\/\/player.vimeo.com\/video\/339944150\" width=\"640\" height=\"360\" frameborder=\"0\" allow=\"autoplay; fullscreen\" allowfullscreen><\/iframe>[\/et_pb_code][et_pb_text _builder_version=\u00bb3.27.4&#8243; header_3_font=\u00bb||||||||\u00bb header_3_line_height=\u00bb1.3em\u00bb]<\/p>\n<h3 style=\"text-align: center;\">\u00bfQu\u00e9 es un <strong>Psic\u00f3logo Cl\u00ednico Especialista<\/strong>?<\/h3>\n<p>[\/et_pb_text][et_pb_image src=\u00bbhttps:\/\/psicologopgr.es\/psicologo-clinico-madrid\/wp-content\/uploads\/2019\/04\/psicologo-colegiado-pedro-gutierrez-recacha.png\u00bb align=\u00bbcenter\u00bb align_tablet=\u00bbcenter\u00bb align_phone=\u00bb\u00bb align_last_edited=\u00bbon|desktop\u00bb _builder_version=\u00bb3.23&#8243;]<\/p>\n<p>[\/et_pb_image][\/et_pb_column][et_pb_column type=\u00bb3_5&#8243; _builder_version=\u00bb3.0.47&#8243; custom_padding=\u00bb|||\u00bb custom_padding__hover=\u00bb|||\u00bb][et_pb_text ul_type=\u00bbcircle\u00bb _builder_version=\u00bb3.27.4&#8243; ul_font=\u00bb||||||||\u00bb ul_text_color=\u00bb#97bf0d\u00bb]<\/p>\n<ul>\n<li><span style=\"color: #444;\">Psic\u00f3logo cl\u00ednico colegiado M-27835.<\/span><\/li>\n<li><span style=\"color: #444;\">Licenciado en Psicolog\u00eda.<\/span><\/li>\n<li><span style=\"color: #444;\">Licenciado en Filosof\u00eda.<\/span><\/li>\n<li><span style=\"color: #444;\">Doctor en Psicolog\u00eda por la Universidad Aut\u00f3noma de Madrid.<\/span><\/li>\n<li><span style=\"color: #444;\">Psic\u00f3logo Cl\u00ednico Especialista v\u00eda PIR, realizando la especializaci\u00f3n en el Hospital Universitario Fundaci\u00f3n Jim\u00e9nez D\u00edaz (Cl\u00ednica de la Concepci\u00f3n), en los distintos servicios relacionados con la psicolog\u00eda (consultas externas de psicolog\u00eda, unidad de hospitalizaci\u00f3n breve, interconsulta, hospital de d\u00eda, adicciones&#8230;).<\/span><\/li>\n<li><span style=\"color: #444;\">Psic\u00f3logo cl\u00ednico adjunto en el Hospital Universitario de La Princesa, dentro de la Unidad del Dolor y Hospital de D\u00eda.<\/span><\/li>\n<li><span style=\"color: #444;\">Formaci\u00f3n en el Nivel I, Nivel II y especializaci\u00f3n de EMDR acreditada por el Instituto Espa\u00f1ol de EMDR.<\/span><\/li>\n<li><span style=\"color: #444;\">Clinical High Level Training in Brief Strategic Psychotherapy, Strategic Therapy Center (Arezzo, Italia).<\/span><\/li>\n<li><span style=\"color: #444;\">Formaci\u00f3n Sistem\u00e1tica en Logoterapia y An\u00e1lisis Existencial. Asociaci\u00f3n Espa\u00f1ola de Logoterapia (AESLO), acreditada por el Viktor Frankl Institute.<\/span><\/li>\n<li><span style=\"color: #444;\">Formaci\u00f3n acreditada en mindfulness en los protocolos MBSR (Mindfulness Based Stress Reduction), MBCT (Mindfulness Based Cognitive Therapy) y en el Modelo de la Universidad de Zaragoza (desarrollado por el Dr. Garc\u00eda Campayo). Formaci\u00f3n en Terapia de Compasi\u00f3n y Mindful-Eating.<\/span><\/li>\n<\/ul>\n<p>[\/et_pb_text][\/et_pb_column][\/et_pb_row][\/et_pb_section]<\/p>\n","protected":false},"excerpt":{"rendered":"<p>\u00bfQu\u00e9 es un Psic\u00f3logo Cl\u00ednico Especialista? Psic\u00f3logo cl\u00ednico colegiado M-27835. Licenciado en Psicolog\u00eda. Licenciado en Filosof\u00eda. Doctor en Psicolog\u00eda por la Universidad Aut\u00f3noma de Madrid. Psic\u00f3logo Cl\u00ednico Especialista v\u00eda PIR, realizando la especializaci\u00f3n en el Hospital Universitario Fundaci\u00f3n Jim\u00e9nez D\u00edaz (Cl\u00ednica de la Concepci\u00f3n), en los distintos servicios relacionados con la psicolog\u00eda (consultas externas de [&hellip;]<\/p>\n","protected":false},"author":2,"featured_media":1061,"parent":0,"menu_order":0,"comment_status":"closed","ping_status":"closed","template":"","meta":{"_et_pb_use_builder":"on","_et_pb_old_content":"","_et_gb_content_width":"","footnotes":""},"class_list":["post-17","page","type-page","status-publish","has-post-thumbnail","hentry"],"_links":{"self":[{"href":"https:\/\/psicologopgr.es\/psicologo-clinico-madrid\/wp-json\/wp\/v2\/pages\/17","targetHints":{"allow":["GET"]}}],"collection":[{"href":"https:\/\/psicologopgr.es\/psicologo-clinico-madrid\/wp-json\/wp\/v2\/pages"}],"about":[{"href":"https:\/\/psicologopgr.es\/psicologo-clinico-madrid\/wp-json\/wp\/v2\/types\/page"}],"author":[{"embeddable":true,"href":"https:\/\/psicologopgr.es\/psicologo-clinico-madrid\/wp-json\/wp\/v2\/users\/2"}],"replies":[{"embeddable":true,"href":"https:\/\/psicologopgr.es\/psicologo-clinico-madrid\/wp-json\/wp\/v2\/comments?post=17"}],"version-history":[{"count":3,"href":"https:\/\/psicologopgr.es\/psicologo-clinico-madrid\/wp-json\/wp\/v2\/pages\/17\/revisions"}],"predecessor-version":[{"id":1206,"href":"https:\/\/psicologopgr.es\/psicologo-clinico-madrid\/wp-json\/wp\/v2\/pages\/17\/revisions\/1206"}],"wp:featuredmedia":[{"embeddable":true,"href":"https:\/\/psicologopgr.es\/psicologo-clinico-madrid\/wp-json\/wp\/v2\/media\/1061"}],"wp:attachment":[{"href":"https:\/\/psicologopgr.es\/psicologo-clinico-madrid\/wp-json\/wp\/v2\/media?parent=17"}],"curies":[{"name":"wp","href":"https:\/\/api.w.org\/{rel}","templated":true}]}}