{"id":15,"date":"2019-03-21T13:41:53","date_gmt":"2019-03-21T13:41:53","guid":{"rendered":"https:\/\/psicologopgr.es\/psicologo-clinico-madrid\/?page_id=15"},"modified":"2020-04-23T08:40:23","modified_gmt":"2020-04-23T08:40:23","slug":"tratamientos","status":"publish","type":"page","link":"https:\/\/psicologopgr.es\/psicologo-clinico-madrid\/tratamientos\/","title":{"rendered":"Tratamientos"},"content":{"rendered":"<p>[et_pb_section fb_built=\u00bb1&#8243; fullwidth=\u00bbon\u00bb _builder_version=\u00bb3.21.4&#8243; bottom_divider_style=\u00bbwave2&#8243; bottom_divider_color=\u00bb#ffffff\u00bb bottom_divider_height=\u00bb30px\u00bb z_index_tablet=\u00bb500&#8243; global_module=\u00bb493&#8243;][et_pb_fullwidth_post_title meta=\u00bboff\u00bb featured_placement=\u00bbbackground\u00bb text_color=\u00bblight\u00bb _builder_version=\u00bb3.23.2&#8243; title_font=\u00bb|300|||||||\u00bb title_font_size=\u00bb36px\u00bb use_background_color_gradient=\u00bbon\u00bb background_color_gradient_start=\u00bbrgba(43,135,218,0)\u00bb background_color_gradient_end=\u00bb#97bf0d\u00bb background_blend=\u00bbmultiply\u00bb title_font_size_tablet=\u00bb\u00bb title_font_size_phone=\u00bb28px\u00bb title_font_size_last_edited=\u00bbon|phone\u00bb z_index_tablet=\u00bb500&#8243; title_text_shadow_horizontal_length_tablet=\u00bb0px\u00bb title_text_shadow_vertical_length_tablet=\u00bb0px\u00bb title_text_shadow_blur_strength_tablet=\u00bb1px\u00bb meta_text_shadow_horizontal_length_tablet=\u00bb0px\u00bb meta_text_shadow_vertical_length_tablet=\u00bb0px\u00bb meta_text_shadow_blur_strength_tablet=\u00bb1px\u00bb box_shadow_horizontal_tablet=\u00bb0px\u00bb box_shadow_vertical_tablet=\u00bb0px\u00bb box_shadow_blur_tablet=\u00bb40px\u00bb box_shadow_spread_tablet=\u00bb0px\u00bb text_shadow_horizontal_length_tablet=\u00bb0px\u00bb text_shadow_vertical_length_tablet=\u00bb0px\u00bb text_shadow_blur_strength_tablet=\u00bb1px\u00bb][\/et_pb_fullwidth_post_title][\/et_pb_section][et_pb_section fb_built=\u00bb1&#8243; _builder_version=\u00bb3.22.3&#8243; custom_padding=\u00bb10px||0px\u00bb][et_pb_row column_structure=\u00bb1_2,1_2&#8243; _builder_version=\u00bb3.25&#8243; background_size=\u00bbinitial\u00bb background_position=\u00bbtop_left\u00bb background_repeat=\u00bbrepeat\u00bb][et_pb_column type=\u00bb1_2&#8243; _builder_version=\u00bb3.0.47&#8243; custom_padding=\u00bb|||\u00bb custom_padding__hover=\u00bb|||\u00bb][et_pb_text admin_label=\u00bbT\u00edtulo\u00bb _builder_version=\u00bb3.27.4&#8243; header_2_font=\u00bb|700|||||||\u00bb header_2_text_color=\u00bb#97bf0d\u00bb custom_margin=\u00bb||10px\u00bb]<\/p>\n<h2>Terapias integradoras<\/h2>\n<p>[\/et_pb_text][et_pb_text _builder_version=\u00bb3.27.4&#8243; text_font=\u00bb||||||||\u00bb text_font_size=\u00bb22px\u00bb text_line_height=\u00bb1.3em\u00bb ul_font=\u00bb||||||||\u00bb header_font=\u00bb||||||||\u00bb header_line_height=\u00bb1.2em\u00bb header_3_font=\u00bb||||||||\u00bb header_4_font=\u00bb||||||||\u00bb header_4_line_height=\u00bb1.5em\u00bb custom_margin=\u00bb||15px\u00bb]<\/p>\n<p>En la actualidad, existen muchas aproximaciones y escuelas terap\u00e9uticas. Ninguna de ellas&#8230;<\/p>\n<p>[\/et_pb_text][et_pb_button button_url=\u00bbhttps:\/\/psicologopgr.es\/psicologo-clinico-madrid\/tratamientos\/terapias-integradoras\/\u00bb button_text=\u00bbLeer m\u00e1s\u00bb button_alignment=\u00bbright\u00bb _builder_version=\u00bb3.23.2&#8243; custom_button=\u00bbon\u00bb button_text_size=\u00bb17px\u00bb button_bg_color=\u00bb#97bf0d\u00bb button_border_width=\u00bb0&#8243; button_font=\u00bb||||||||\u00bb background_layout=\u00bbdark\u00bb]<br \/>\n[\/et_pb_button][\/et_pb_column][et_pb_column type=\u00bb1_2&#8243; _builder_version=\u00bb3.0.47&#8243; custom_padding=\u00bb|||\u00bb custom_padding__hover=\u00bb|||\u00bb][et_pb_text admin_label=\u00bbT\u00edtulo\u00bb _builder_version=\u00bb3.27.4&#8243; header_2_font=\u00bb|700|||||||\u00bb header_2_text_color=\u00bb#97bf0d\u00bb custom_margin=\u00bb||10px\u00bb]<\/p>\n<h2>Terapia breve estrat\u00e9gica<\/h2>\n<p>[\/et_pb_text][et_pb_text _builder_version=\u00bb3.27.4&#8243; text_font=\u00bb||||||||\u00bb text_font_size=\u00bb22px\u00bb text_line_height=\u00bb1.3em\u00bb ul_font=\u00bb||||||||\u00bb header_font=\u00bb||||||||\u00bb header_line_height=\u00bb1.2em\u00bb header_3_font=\u00bb||||||||\u00bb header_4_font=\u00bb||||||||\u00bb header_4_line_height=\u00bb1.5em\u00bb custom_margin=\u00bb||15px\u00bb]<\/p>\n<p>La Terapia Breve Estrat\u00e9gica ofrece un modelo de intervenci\u00f3n riguroso y eficaz que&#8230;<\/p>\n<p>[\/et_pb_text][et_pb_button button_url=\u00bbhttps:\/\/psicologopgr.es\/psicologo-clinico-madrid\/tratamientos\/terapia-breve-estrategica\/\u00bb button_text=\u00bbLeer m\u00e1s\u00bb button_alignment=\u00bbright\u00bb _builder_version=\u00bb3.23.2&#8243; custom_button=\u00bbon\u00bb button_text_size=\u00bb17px\u00bb button_bg_color=\u00bb#97bf0d\u00bb button_border_width=\u00bb0&#8243; button_font=\u00bb||||||||\u00bb background_layout=\u00bbdark\u00bb]<br \/>\n[\/et_pb_button][\/et_pb_column][\/et_pb_row][\/et_pb_section][et_pb_section fb_built=\u00bb1&#8243; _builder_version=\u00bb3.22.3&#8243; background_color=\u00bb#efefef\u00bb custom_padding=\u00bb10px||0px\u00bb][et_pb_row column_structure=\u00bb1_2,1_2&#8243; _builder_version=\u00bb3.25&#8243; background_color=\u00bb#efefef\u00bb background_size=\u00bbinitial\u00bb background_position=\u00bbtop_left\u00bb background_repeat=\u00bbrepeat\u00bb][et_pb_column type=\u00bb1_2&#8243; _builder_version=\u00bb3.0.47&#8243; custom_padding=\u00bb|||\u00bb custom_padding__hover=\u00bb|||\u00bb][et_pb_text admin_label=\u00bbT\u00edtulo\u00bb _builder_version=\u00bb3.27.4&#8243; header_2_font=\u00bb|700|||||||\u00bb header_2_text_color=\u00bb#97bf0d\u00bb custom_margin=\u00bb||10px\u00bb]<\/p>\n<h2>Logoterapia<\/h2>\n<p>[\/et_pb_text][et_pb_text _builder_version=\u00bb3.27.4&#8243; text_font=\u00bb||||||||\u00bb text_font_size=\u00bb22px\u00bb text_line_height=\u00bb1.3em\u00bb ul_font=\u00bb||||||||\u00bb header_font=\u00bb||||||||\u00bb header_line_height=\u00bb1.2em\u00bb header_3_font=\u00bb||||||||\u00bb header_4_font=\u00bb||||||||\u00bb header_4_line_height=\u00bb1.5em\u00bb custom_margin=\u00bb||15px\u00bb]<\/p>\n<p>Viktor Frankl (1905-1997) fue un conocido neur\u00f3logo y psiquiatra austr\u00edaco&#8230;<\/p>\n<p>[\/et_pb_text][et_pb_button button_url=\u00bbhttps:\/\/psicologopgr.es\/psicologo-clinico-madrid\/tratamientos\/logoterapia\/\u00bb button_text=\u00bbLeer m\u00e1s\u00bb button_alignment=\u00bbright\u00bb _builder_version=\u00bb3.23.2&#8243; custom_button=\u00bbon\u00bb button_text_size=\u00bb17px\u00bb button_bg_color=\u00bb#97bf0d\u00bb button_border_width=\u00bb0&#8243; button_font=\u00bb||||||||\u00bb background_layout=\u00bbdark\u00bb]<br \/>\n[\/et_pb_button][\/et_pb_column][et_pb_column type=\u00bb1_2&#8243; _builder_version=\u00bb3.0.47&#8243; custom_padding=\u00bb|||\u00bb custom_padding__hover=\u00bb|||\u00bb][et_pb_text admin_label=\u00bbT\u00edtulo\u00bb _builder_version=\u00bb3.27.4&#8243; header_2_font=\u00bb|700|||||||\u00bb header_2_text_color=\u00bb#97bf0d\u00bb custom_margin=\u00bb||10px\u00bb]<\/p>\n<h2>EMDR<\/h2>\n<p>[\/et_pb_text][et_pb_text _builder_version=\u00bb3.27.4&#8243; text_font=\u00bb||||||||\u00bb text_font_size=\u00bb22px\u00bb text_line_height=\u00bb1.3em\u00bb ul_font=\u00bb||||||||\u00bb header_font=\u00bb||||||||\u00bb header_line_height=\u00bb1.2em\u00bb header_3_font=\u00bb||||||||\u00bb header_4_font=\u00bb||||||||\u00bb header_4_line_height=\u00bb1.5em\u00bb custom_margin=\u00bb||15px\u00bb]<\/p>\n<p>Fundada por la Dra. Francine Shapiro, la terapia EMDR (Eye Movement Desensitization and Reprocessing&#8230;<\/p>\n<p>[\/et_pb_text][et_pb_button button_url=\u00bbhttps:\/\/psicologopgr.es\/psicologo-clinico-madrid\/tratamientos\/emdr\/\u00bb button_text=\u00bbLeer m\u00e1s\u00bb button_alignment=\u00bbright\u00bb _builder_version=\u00bb3.23.2&#8243; custom_button=\u00bbon\u00bb button_text_size=\u00bb17px\u00bb button_bg_color=\u00bb#97bf0d\u00bb button_border_width=\u00bb0&#8243; button_font=\u00bb||||||||\u00bb background_layout=\u00bbdark\u00bb]<br \/>\n[\/et_pb_button][\/et_pb_column][\/et_pb_row][\/et_pb_section][et_pb_section fb_built=\u00bb1&#8243; _builder_version=\u00bb3.22.3&#8243; custom_padding=\u00bb10px||0px\u00bb][et_pb_row column_structure=\u00bb1_2,1_2&#8243; _builder_version=\u00bb3.25&#8243; background_size=\u00bbinitial\u00bb background_position=\u00bbtop_left\u00bb background_repeat=\u00bbrepeat\u00bb][et_pb_column type=\u00bb1_2&#8243; _builder_version=\u00bb3.0.47&#8243; custom_padding=\u00bb|||\u00bb custom_padding__hover=\u00bb|||\u00bb][et_pb_text admin_label=\u00bbT\u00edtulo\u00bb _builder_version=\u00bb3.27.4&#8243; header_2_font=\u00bb|700|||||||\u00bb header_2_text_color=\u00bb#97bf0d\u00bb custom_margin=\u00bb||10px\u00bb]<\/p>\n<h2>Mindfulness<\/h2>\n<p>[\/et_pb_text][et_pb_text _builder_version=\u00bb3.27.4&#8243; text_font=\u00bb||||||||\u00bb text_font_size=\u00bb22px\u00bb text_line_height=\u00bb1.3em\u00bb ul_font=\u00bb||||||||\u00bb header_font=\u00bb||||||||\u00bb header_line_height=\u00bb1.2em\u00bb header_3_font=\u00bb||||||||\u00bb header_4_font=\u00bb||||||||\u00bb header_4_line_height=\u00bb1.5em\u00bb custom_margin=\u00bb||15px\u00bb]<\/p>\n<p>El mindfulness o atenci\u00f3n plena ha irrumpido con fuerza en la psicolog\u00eda actual. No se trata&#8230;<\/p>\n<p>[\/et_pb_text][et_pb_button button_url=\u00bbhttps:\/\/psicologopgr.es\/psicologo-clinico-madrid\/tratamientos\/mindfulness\/\u00bb button_text=\u00bbLeer m\u00e1s\u00bb button_alignment=\u00bbright\u00bb _builder_version=\u00bb3.23.2&#8243; custom_button=\u00bbon\u00bb button_text_size=\u00bb17px\u00bb button_bg_color=\u00bb#97bf0d\u00bb button_border_width=\u00bb0&#8243; button_font=\u00bb||||||||\u00bb background_layout=\u00bbdark\u00bb]<br \/>\n[\/et_pb_button][\/et_pb_column][et_pb_column type=\u00bb1_2&#8243; _builder_version=\u00bb3.0.47&#8243; custom_padding=\u00bb|||\u00bb custom_padding__hover=\u00bb|||\u00bb][et_pb_text admin_label=\u00bbT\u00edtulo\u00bb _builder_version=\u00bb3.27.4&#8243; header_2_font=\u00bb|700|||||||\u00bb header_2_text_color=\u00bb#97bf0d\u00bb custom_margin=\u00bb||10px\u00bb]<\/p>\n<h2>Terapias de tercera generaci\u00f3n<\/h2>\n<p>[\/et_pb_text][et_pb_text _builder_version=\u00bb3.27.4&#8243; text_font=\u00bb||||||||\u00bb text_font_size=\u00bb22px\u00bb text_line_height=\u00bb1.3em\u00bb ul_font=\u00bb||||||||\u00bb header_font=\u00bb||||||||\u00bb header_line_height=\u00bb1.2em\u00bb header_3_font=\u00bb||||||||\u00bb header_4_font=\u00bb||||||||\u00bb header_4_line_height=\u00bb1.5em\u00bb custom_margin=\u00bb||15px\u00bb]<\/p>\n<p>Las terapias psicol\u00f3gicas de tercera generaci\u00f3n, como la terapia ACT, suponen un paso adelante&#8230;<\/p>\n<p>[\/et_pb_text][et_pb_button button_url=\u00bbhttps:\/\/psicologopgr.es\/psicologo-clinico-madrid\/tratamientos\/terapias-de-tercera-generacion\/\u00bb button_text=\u00bbLeer m\u00e1s\u00bb button_alignment=\u00bbright\u00bb _builder_version=\u00bb3.23.2&#8243; custom_button=\u00bbon\u00bb button_text_size=\u00bb17px\u00bb button_bg_color=\u00bb#97bf0d\u00bb button_border_width=\u00bb0&#8243; button_font=\u00bb||||||||\u00bb background_layout=\u00bbdark\u00bb]<br \/>\n[\/et_pb_button][\/et_pb_column][\/et_pb_row][\/et_pb_section][et_pb_section fb_built=\u00bb1&#8243; _builder_version=\u00bb3.22.3&#8243; background_color=\u00bb#efefef\u00bb custom_padding=\u00bb10px||0px\u00bb][et_pb_row column_structure=\u00bb1_2,1_2&#8243; _builder_version=\u00bb3.25&#8243; background_color=\u00bb#efefef\u00bb background_size=\u00bbinitial\u00bb background_position=\u00bbtop_left\u00bb background_repeat=\u00bbrepeat\u00bb][et_pb_column type=\u00bb1_2&#8243; _builder_version=\u00bb3.0.47&#8243; custom_padding=\u00bb|||\u00bb custom_padding__hover=\u00bb|||\u00bb][et_pb_text admin_label=\u00bbT\u00edtulo\u00bb _builder_version=\u00bb3.27.4&#8243; header_2_font=\u00bb|700|||||||\u00bb header_2_text_color=\u00bb#97bf0d\u00bb custom_margin=\u00bb||10px\u00bb]<\/p>\n<h2>Asesoramiento filos\u00f3fico y psicolog\u00eda humanista\/existencial<\/h2>\n<p>[\/et_pb_text][et_pb_text _builder_version=\u00bb3.27.4&#8243; text_font=\u00bb||||||||\u00bb text_font_size=\u00bb22px\u00bb text_line_height=\u00bb1.3em\u00bb ul_font=\u00bb||||||||\u00bb header_font=\u00bb||||||||\u00bb header_line_height=\u00bb1.2em\u00bb header_3_font=\u00bb||||||||\u00bb header_4_font=\u00bb||||||||\u00bb header_4_line_height=\u00bb1.5em\u00bb custom_margin=\u00bb||15px\u00bb]<\/p>\n<p>Algunos de los problemas que hoy en d\u00eda debemos afrontar en nuestra vida son tan antiguos como&#8230;<\/p>\n<p>[\/et_pb_text][et_pb_button button_url=\u00bbhttps:\/\/psicologopgr.es\/psicologo-clinico-madrid\/tratamientos\/asesoramiento-filosofico-y-psicologia-humanista-existencial\/\u00bb button_text=\u00bbLeer m\u00e1s\u00bb button_alignment=\u00bbright\u00bb _builder_version=\u00bb3.23.2&#8243; custom_button=\u00bbon\u00bb button_text_size=\u00bb17px\u00bb button_bg_color=\u00bb#97bf0d\u00bb button_border_width=\u00bb0&#8243; button_font=\u00bb||||||||\u00bb background_layout=\u00bbdark\u00bb]<br \/>\n[\/et_pb_button][\/et_pb_column][et_pb_column type=\u00bb1_2&#8243; _builder_version=\u00bb3.0.47&#8243; custom_padding=\u00bb|||\u00bb custom_padding__hover=\u00bb|||\u00bb][\/et_pb_column][\/et_pb_row][\/et_pb_section]<\/p>\n","protected":false},"excerpt":{"rendered":"<p>Terapias integradoras En la actualidad, existen muchas aproximaciones y escuelas terap\u00e9uticas. Ninguna de ellas&#8230; Terapia breve estrat\u00e9gica La Terapia Breve Estrat\u00e9gica ofrece un modelo de intervenci\u00f3n riguroso y eficaz que&#8230; Logoterapia Viktor Frankl (1905-1997) fue un conocido neur\u00f3logo y psiquiatra austr\u00edaco&#8230; EMDR Fundada por la Dra. Francine Shapiro, la terapia EMDR (Eye Movement Desensitization and [&hellip;]<\/p>\n","protected":false},"author":2,"featured_media":941,"parent":0,"menu_order":0,"comment_status":"closed","ping_status":"closed","template":"","meta":{"_et_pb_use_builder":"on","_et_pb_old_content":"","_et_gb_content_width":"","footnotes":""},"class_list":["post-15","page","type-page","status-publish","has-post-thumbnail","hentry"],"_links":{"self":[{"href":"https:\/\/psicologopgr.es\/psicologo-clinico-madrid\/wp-json\/wp\/v2\/pages\/15","targetHints":{"allow":["GET"]}}],"collection":[{"href":"https:\/\/psicologopgr.es\/psicologo-clinico-madrid\/wp-json\/wp\/v2\/pages"}],"about":[{"href":"https:\/\/psicologopgr.es\/psicologo-clinico-madrid\/wp-json\/wp\/v2\/types\/page"}],"author":[{"embeddable":true,"href":"https:\/\/psicologopgr.es\/psicologo-clinico-madrid\/wp-json\/wp\/v2\/users\/2"}],"replies":[{"embeddable":true,"href":"https:\/\/psicologopgr.es\/psicologo-clinico-madrid\/wp-json\/wp\/v2\/comments?post=15"}],"version-history":[{"count":4,"href":"https:\/\/psicologopgr.es\/psicologo-clinico-madrid\/wp-json\/wp\/v2\/pages\/15\/revisions"}],"predecessor-version":[{"id":1208,"href":"https:\/\/psicologopgr.es\/psicologo-clinico-madrid\/wp-json\/wp\/v2\/pages\/15\/revisions\/1208"}],"wp:featuredmedia":[{"embeddable":true,"href":"https:\/\/psicologopgr.es\/psicologo-clinico-madrid\/wp-json\/wp\/v2\/media\/941"}],"wp:attachment":[{"href":"https:\/\/psicologopgr.es\/psicologo-clinico-madrid\/wp-json\/wp\/v2\/media?parent=15"}],"curies":[{"name":"wp","href":"https:\/\/api.w.org\/{rel}","templated":true}]}}