{"id":116,"date":"2019-03-22T08:55:52","date_gmt":"2019-03-22T08:55:52","guid":{"rendered":"https:\/\/psicologopgr.es\/psicologo-clinico-madrid\/?page_id=116"},"modified":"2020-04-23T08:57:10","modified_gmt":"2020-04-23T08:57:10","slug":"mindfulness","status":"publish","type":"page","link":"https:\/\/psicologopgr.es\/psicologo-clinico-madrid\/tratamientos\/mindfulness\/","title":{"rendered":"Mindfulness"},"content":{"rendered":"<p>[et_pb_section fb_built=\u00bb1&#8243; fullwidth=\u00bbon\u00bb _builder_version=\u00bb3.21.4&#8243; bottom_divider_style=\u00bbwave2&#8243; bottom_divider_color=\u00bb#ffffff\u00bb bottom_divider_height=\u00bb30px\u00bb z_index_tablet=\u00bb500&#8243; global_module=\u00bb493&#8243;][et_pb_fullwidth_post_title meta=\u00bboff\u00bb featured_placement=\u00bbbackground\u00bb text_color=\u00bblight\u00bb _builder_version=\u00bb3.23.2&#8243; title_font=\u00bb|300|||||||\u00bb title_font_size=\u00bb36px\u00bb use_background_color_gradient=\u00bbon\u00bb background_color_gradient_start=\u00bbrgba(43,135,218,0)\u00bb background_color_gradient_end=\u00bb#97bf0d\u00bb background_blend=\u00bbmultiply\u00bb title_font_size_tablet=\u00bb\u00bb title_font_size_phone=\u00bb28px\u00bb title_font_size_last_edited=\u00bbon|phone\u00bb z_index_tablet=\u00bb500&#8243; title_text_shadow_horizontal_length_tablet=\u00bb0px\u00bb title_text_shadow_vertical_length_tablet=\u00bb0px\u00bb title_text_shadow_blur_strength_tablet=\u00bb1px\u00bb meta_text_shadow_horizontal_length_tablet=\u00bb0px\u00bb meta_text_shadow_vertical_length_tablet=\u00bb0px\u00bb meta_text_shadow_blur_strength_tablet=\u00bb1px\u00bb box_shadow_horizontal_tablet=\u00bb0px\u00bb box_shadow_vertical_tablet=\u00bb0px\u00bb box_shadow_blur_tablet=\u00bb40px\u00bb box_shadow_spread_tablet=\u00bb0px\u00bb text_shadow_horizontal_length_tablet=\u00bb0px\u00bb text_shadow_vertical_length_tablet=\u00bb0px\u00bb text_shadow_blur_strength_tablet=\u00bb1px\u00bb][\/et_pb_fullwidth_post_title][\/et_pb_section][et_pb_section fb_built=\u00bb1&#8243; _builder_version=\u00bb3.22&#8243;][et_pb_row _builder_version=\u00bb3.25&#8243; background_size=\u00bbinitial\u00bb background_position=\u00bbtop_left\u00bb background_repeat=\u00bbrepeat\u00bb column_structure=\u00bb2_3,1_3&#8243;][et_pb_column type=\u00bb2_3&#8243; _builder_version=\u00bb3.0.47&#8243; custom_padding=\u00bb|||\u00bb custom_padding__hover=\u00bb|||\u00bb][et_pb_text _builder_version=\u00bb3.27.4&#8243;]<\/p>\n<p>El <strong>mindfulness<\/strong> o atenci\u00f3n plena ha irrumpido con fuerza en la <strong>psicolog\u00eda<\/strong> actual. No se trata de una actividad complicada, extra\u00f1a, s\u00f3lo apta para un tipo determinado de personas. Todo el mundo puede <strong>beneficiarse<\/strong> de su aplicaci\u00f3n a los m\u00e1s diversos \u00e1mbitos de la vida. Y su <strong>pr\u00e1ctica<\/strong> es mucho m\u00e1s <strong>f\u00e1cil<\/strong> de lo que mucha gente piensa.<\/p>\n<p>Simplemente se trata de <strong>aprender<\/strong> a <strong>utilizar<\/strong> una <strong>capacidad<\/strong> que tenemos todos los seres humanos, sin excepci\u00f3n: nuestra atenci\u00f3n. El <strong>estr\u00e9s<\/strong> del d\u00eda a d\u00eda, nuestras actividades cotidianas, las <strong>prisas<\/strong>\u2026 nos llevan a vivir sin prestar atenci\u00f3n a aquello que estamos haciendo, m\u00e1s pendientes de lo que vamos a hacer en el futuro que de aquello que nos ocupa en el presente.<\/p>\n<p>A trav\u00e9s del <strong>manejo<\/strong> de nuestra <strong>atenci\u00f3n<\/strong>, focaliz\u00e1ndola en el momento presente, podemos <strong>hacer frente<\/strong> a diversos <strong>problemas<\/strong> y aumentar la sensaci\u00f3n de <strong>serenidad<\/strong> y <strong>bienestar<\/strong> en nuestra vida.<\/p>\n<p>Pongo a tu disposici\u00f3n mi <strong>formaci\u00f3n acreditada<\/strong> en los dos protocolos de uso cl\u00ednico de <strong>mindfulness<\/strong> m\u00e1s utilizados en la actualidad, el <strong>MBSR<\/strong> (centrado en la gesti\u00f3n de <strong>estr\u00e9s<\/strong>) y el <strong>MBCT<\/strong> (centrado en la prevenci\u00f3n de <strong>depresi\u00f3n<\/strong>), as\u00ed como mi experiencia en pr\u00e1cticas de <strong>compasi\u00f3n<\/strong> y de <strong>mindfulness<\/strong> aplicado a aspectos espec\u00edficos (como el mindful-eating o comida consciente).<\/p>\n<p>[\/et_pb_text][\/et_pb_column][et_pb_column type=\u00bb1_3&#8243; _builder_version=\u00bb3.0.47&#8243; custom_padding=\u00bb|||\u00bb custom_padding__hover=\u00bb|||\u00bb][et_pb_image src=\u00bbhttps:\/\/psicologopgr.es\/psicologo-clinico-madrid\/wp-content\/uploads\/2019\/03\/mindfulness.jpg\u00bb align_tablet=\u00bbcenter\u00bb align_phone=\u00bb\u00bb align_last_edited=\u00bbon|desktop\u00bb _builder_version=\u00bb3.23&#8243;]<\/p>\n<p>[\/et_pb_image][\/et_pb_column][\/et_pb_row][\/et_pb_section]<\/p>\n","protected":false},"excerpt":{"rendered":"<p>El mindfulness o atenci\u00f3n plena ha irrumpido con fuerza en la psicolog\u00eda actual. No se trata de una actividad complicada, extra\u00f1a, s\u00f3lo apta para un tipo determinado de personas. Todo el mundo puede beneficiarse de su aplicaci\u00f3n a los m\u00e1s diversos \u00e1mbitos de la vida. Y su pr\u00e1ctica es mucho m\u00e1s f\u00e1cil de lo que [&hellip;]<\/p>\n","protected":false},"author":2,"featured_media":941,"parent":15,"menu_order":0,"comment_status":"closed","ping_status":"closed","template":"","meta":{"_et_pb_use_builder":"on","_et_pb_old_content":"","_et_gb_content_width":"","footnotes":""},"class_list":["post-116","page","type-page","status-publish","has-post-thumbnail","hentry"],"_links":{"self":[{"href":"https:\/\/psicologopgr.es\/psicologo-clinico-madrid\/wp-json\/wp\/v2\/pages\/116","targetHints":{"allow":["GET"]}}],"collection":[{"href":"https:\/\/psicologopgr.es\/psicologo-clinico-madrid\/wp-json\/wp\/v2\/pages"}],"about":[{"href":"https:\/\/psicologopgr.es\/psicologo-clinico-madrid\/wp-json\/wp\/v2\/types\/page"}],"author":[{"embeddable":true,"href":"https:\/\/psicologopgr.es\/psicologo-clinico-madrid\/wp-json\/wp\/v2\/users\/2"}],"replies":[{"embeddable":true,"href":"https:\/\/psicologopgr.es\/psicologo-clinico-madrid\/wp-json\/wp\/v2\/comments?post=116"}],"version-history":[{"count":3,"href":"https:\/\/psicologopgr.es\/psicologo-clinico-madrid\/wp-json\/wp\/v2\/pages\/116\/revisions"}],"predecessor-version":[{"id":1212,"href":"https:\/\/psicologopgr.es\/psicologo-clinico-madrid\/wp-json\/wp\/v2\/pages\/116\/revisions\/1212"}],"up":[{"embeddable":true,"href":"https:\/\/psicologopgr.es\/psicologo-clinico-madrid\/wp-json\/wp\/v2\/pages\/15"}],"wp:featuredmedia":[{"embeddable":true,"href":"https:\/\/psicologopgr.es\/psicologo-clinico-madrid\/wp-json\/wp\/v2\/media\/941"}],"wp:attachment":[{"href":"https:\/\/psicologopgr.es\/psicologo-clinico-madrid\/wp-json\/wp\/v2\/media?parent=116"}],"curies":[{"name":"wp","href":"https:\/\/api.w.org\/{rel}","templated":true}]}}