{"id":114,"date":"2019-03-22T08:53:54","date_gmt":"2019-03-22T08:53:54","guid":{"rendered":"https:\/\/psicologopgr.es\/psicologo-clinico-madrid\/?page_id=114"},"modified":"2020-04-23T09:08:12","modified_gmt":"2020-04-23T09:08:12","slug":"emdr","status":"publish","type":"page","link":"https:\/\/psicologopgr.es\/psicologo-clinico-madrid\/tratamientos\/emdr\/","title":{"rendered":"EMDR"},"content":{"rendered":"<p>[et_pb_section fb_built=\u00bb1&#8243; fullwidth=\u00bbon\u00bb _builder_version=\u00bb3.21.4&#8243; bottom_divider_style=\u00bbwave2&#8243; bottom_divider_color=\u00bb#ffffff\u00bb bottom_divider_height=\u00bb30px\u00bb z_index_tablet=\u00bb500&#8243; global_module=\u00bb493&#8243;][et_pb_fullwidth_post_title meta=\u00bboff\u00bb featured_placement=\u00bbbackground\u00bb text_color=\u00bblight\u00bb _builder_version=\u00bb3.23.2&#8243; title_font=\u00bb|300|||||||\u00bb title_font_size=\u00bb36px\u00bb use_background_color_gradient=\u00bbon\u00bb background_color_gradient_start=\u00bbrgba(43,135,218,0)\u00bb background_color_gradient_end=\u00bb#97bf0d\u00bb background_blend=\u00bbmultiply\u00bb title_font_size_tablet=\u00bb\u00bb title_font_size_phone=\u00bb28px\u00bb title_font_size_last_edited=\u00bbon|phone\u00bb z_index_tablet=\u00bb500&#8243; title_text_shadow_horizontal_length_tablet=\u00bb0px\u00bb title_text_shadow_vertical_length_tablet=\u00bb0px\u00bb title_text_shadow_blur_strength_tablet=\u00bb1px\u00bb meta_text_shadow_horizontal_length_tablet=\u00bb0px\u00bb meta_text_shadow_vertical_length_tablet=\u00bb0px\u00bb meta_text_shadow_blur_strength_tablet=\u00bb1px\u00bb box_shadow_horizontal_tablet=\u00bb0px\u00bb box_shadow_vertical_tablet=\u00bb0px\u00bb box_shadow_blur_tablet=\u00bb40px\u00bb box_shadow_spread_tablet=\u00bb0px\u00bb text_shadow_horizontal_length_tablet=\u00bb0px\u00bb text_shadow_vertical_length_tablet=\u00bb0px\u00bb text_shadow_blur_strength_tablet=\u00bb1px\u00bb][\/et_pb_fullwidth_post_title][\/et_pb_section][et_pb_section fb_built=\u00bb1&#8243; _builder_version=\u00bb3.22&#8243;][et_pb_row column_structure=\u00bb2_3,1_3&#8243; _builder_version=\u00bb3.25&#8243; background_size=\u00bbinitial\u00bb background_position=\u00bbtop_left\u00bb background_repeat=\u00bbrepeat\u00bb][et_pb_column type=\u00bb2_3&#8243; _builder_version=\u00bb3.0.47&#8243; custom_padding=\u00bb|||\u00bb custom_padding__hover=\u00bb|||\u00bb][et_pb_text _builder_version=\u00bb3.27.4&#8243;]<\/p>\n<p>Fundada por la Dra. Francine Shapiro, la terapia EMDR (Eye Movement Desensitization and Reprocessing, esto es, \u201cDesensibilizaci\u00f3n y Reprocesamiento a trav\u00e9s del Movimiento de Ojos\u201d) constituye una<strong> t\u00e9cnica revolucionaria<\/strong> para el <strong>tratamiento<\/strong> de los problemas derivados de las circunstancias vitales traum\u00e1ticas.<br \/> La literatura cient\u00edfica muestra que el EMDR hoy en d\u00eda es la <strong>t\u00e9cnica<\/strong> que m\u00e1s r\u00e1pidamente permite superar las <strong>secuelas<\/strong> psicol\u00f3gicas de un acontecimiento <strong>traum\u00e1tico<\/strong>.<\/p>\n<p>Mediante el <strong>movimiento<\/strong> de los <strong>ojos<\/strong> de una forma precisa y adecuada (de modo parecido a lo que sucede en la llamada fase REM del sue\u00f1o) nuestra <strong>mente<\/strong> puede ir <strong>reprocesando<\/strong> aquellos <strong>recuerdos<\/strong> traum\u00e1ticos que no nos dejaban continuar con nuestra vida.<\/p>\n<p>La <strong>terapia EMDR<\/strong> es un medio de conseguir, por fin, superar ese pasado que nos persigue y nos atormenta. El gran secreto del EMDR es dejar que sea la propia mente de cada uno la que, poco a poco, haga el trabajo de curaci\u00f3n. El psic\u00f3logo impone ninguna opini\u00f3n ni idea preconcebida. Es el <strong>paciente<\/strong> el que, de forma natural, consigue <strong>integrar<\/strong> adecuadamente sus <strong>recuerdos<\/strong> y recuperar su vida.<\/p>\n<p>[\/et_pb_text][\/et_pb_column][et_pb_column type=\u00bb1_3&#8243; _builder_version=\u00bb3.0.47&#8243; custom_padding=\u00bb|||\u00bb custom_padding__hover=\u00bb|||\u00bb][et_pb_image src=\u00bbhttps:\/\/psicologopgr.es\/psicologo-clinico-madrid\/wp-content\/uploads\/2019\/03\/emdr.jpg\u00bb align_tablet=\u00bbcenter\u00bb align_phone=\u00bb\u00bb align_last_edited=\u00bbon|desktop\u00bb _builder_version=\u00bb3.23&#8243;]<\/p>\n<p>[\/et_pb_image][\/et_pb_column][\/et_pb_row][\/et_pb_section]<\/p>\n","protected":false},"excerpt":{"rendered":"<p>Fundada por la Dra. Francine Shapiro, la terapia EMDR (Eye Movement Desensitization and Reprocessing, esto es, \u201cDesensibilizaci\u00f3n y Reprocesamiento a trav\u00e9s del Movimiento de Ojos\u201d) constituye una t\u00e9cnica revolucionaria para el tratamiento de los problemas derivados de las circunstancias vitales traum\u00e1ticas. La literatura cient\u00edfica muestra que el EMDR hoy en d\u00eda es la t\u00e9cnica que [&hellip;]<\/p>\n","protected":false},"author":2,"featured_media":941,"parent":15,"menu_order":0,"comment_status":"closed","ping_status":"closed","template":"","meta":{"_et_pb_use_builder":"on","_et_pb_old_content":"","_et_gb_content_width":"","footnotes":""},"class_list":["post-114","page","type-page","status-publish","has-post-thumbnail","hentry"],"_links":{"self":[{"href":"https:\/\/psicologopgr.es\/psicologo-clinico-madrid\/wp-json\/wp\/v2\/pages\/114","targetHints":{"allow":["GET"]}}],"collection":[{"href":"https:\/\/psicologopgr.es\/psicologo-clinico-madrid\/wp-json\/wp\/v2\/pages"}],"about":[{"href":"https:\/\/psicologopgr.es\/psicologo-clinico-madrid\/wp-json\/wp\/v2\/types\/page"}],"author":[{"embeddable":true,"href":"https:\/\/psicologopgr.es\/psicologo-clinico-madrid\/wp-json\/wp\/v2\/users\/2"}],"replies":[{"embeddable":true,"href":"https:\/\/psicologopgr.es\/psicologo-clinico-madrid\/wp-json\/wp\/v2\/comments?post=114"}],"version-history":[{"count":4,"href":"https:\/\/psicologopgr.es\/psicologo-clinico-madrid\/wp-json\/wp\/v2\/pages\/114\/revisions"}],"predecessor-version":[{"id":1216,"href":"https:\/\/psicologopgr.es\/psicologo-clinico-madrid\/wp-json\/wp\/v2\/pages\/114\/revisions\/1216"}],"up":[{"embeddable":true,"href":"https:\/\/psicologopgr.es\/psicologo-clinico-madrid\/wp-json\/wp\/v2\/pages\/15"}],"wp:featuredmedia":[{"embeddable":true,"href":"https:\/\/psicologopgr.es\/psicologo-clinico-madrid\/wp-json\/wp\/v2\/media\/941"}],"wp:attachment":[{"href":"https:\/\/psicologopgr.es\/psicologo-clinico-madrid\/wp-json\/wp\/v2\/media?parent=114"}],"curies":[{"name":"wp","href":"https:\/\/api.w.org\/{rel}","templated":true}]}}