{"id":108,"date":"2019-03-22T08:49:53","date_gmt":"2019-03-22T08:49:53","guid":{"rendered":"https:\/\/psicologopgr.es\/psicologo-clinico-madrid\/?page_id=108"},"modified":"2020-04-23T09:04:47","modified_gmt":"2020-04-23T09:04:47","slug":"terapias-integradoras","status":"publish","type":"page","link":"https:\/\/psicologopgr.es\/psicologo-clinico-madrid\/tratamientos\/terapias-integradoras\/","title":{"rendered":"Terapias Integradoras"},"content":{"rendered":"<p>[et_pb_section fb_built=\u00bb1&#8243; fullwidth=\u00bbon\u00bb _builder_version=\u00bb3.21.4&#8243; bottom_divider_style=\u00bbwave2&#8243; bottom_divider_color=\u00bb#ffffff\u00bb bottom_divider_height=\u00bb30px\u00bb z_index_tablet=\u00bb500&#8243; global_module=\u00bb493&#8243;][et_pb_fullwidth_post_title meta=\u00bboff\u00bb featured_placement=\u00bbbackground\u00bb text_color=\u00bblight\u00bb _builder_version=\u00bb3.23.2&#8243; title_font=\u00bb|300|||||||\u00bb title_font_size=\u00bb36px\u00bb use_background_color_gradient=\u00bbon\u00bb background_color_gradient_start=\u00bbrgba(43,135,218,0)\u00bb background_color_gradient_end=\u00bb#97bf0d\u00bb background_blend=\u00bbmultiply\u00bb title_font_size_tablet=\u00bb\u00bb title_font_size_phone=\u00bb28px\u00bb title_font_size_last_edited=\u00bbon|phone\u00bb z_index_tablet=\u00bb500&#8243; title_text_shadow_horizontal_length_tablet=\u00bb0px\u00bb title_text_shadow_vertical_length_tablet=\u00bb0px\u00bb title_text_shadow_blur_strength_tablet=\u00bb1px\u00bb meta_text_shadow_horizontal_length_tablet=\u00bb0px\u00bb meta_text_shadow_vertical_length_tablet=\u00bb0px\u00bb meta_text_shadow_blur_strength_tablet=\u00bb1px\u00bb box_shadow_horizontal_tablet=\u00bb0px\u00bb box_shadow_vertical_tablet=\u00bb0px\u00bb box_shadow_blur_tablet=\u00bb40px\u00bb box_shadow_spread_tablet=\u00bb0px\u00bb text_shadow_horizontal_length_tablet=\u00bb0px\u00bb text_shadow_vertical_length_tablet=\u00bb0px\u00bb text_shadow_blur_strength_tablet=\u00bb1px\u00bb][\/et_pb_fullwidth_post_title][\/et_pb_section][et_pb_section fb_built=\u00bb1&#8243; _builder_version=\u00bb3.22&#8243;][et_pb_row _builder_version=\u00bb3.25&#8243; background_size=\u00bbinitial\u00bb background_position=\u00bbtop_left\u00bb background_repeat=\u00bbrepeat\u00bb column_structure=\u00bb2_3,1_3&#8243;][et_pb_column type=\u00bb2_3&#8243; _builder_version=\u00bb3.0.47&#8243; custom_padding=\u00bb|||\u00bb custom_padding__hover=\u00bb|||\u00bb][et_pb_text _builder_version=\u00bb3.27.4&#8243;]<\/p>\n<p>En la actualidad, existen muchas <strong>aproximaciones<\/strong> y escuelas <strong>terap\u00e9uticas<\/strong>. Ninguna de ellas tiene la verdad absoluta ni es aplicable a todos los <strong>problemas<\/strong> ni a todas las <strong>personas<\/strong>.<\/p>\n<p>Los <strong>psic\u00f3logos<\/strong> que, a lo largo de nuestra carrera profesional, hemos <strong>trabajado<\/strong> con un amplio n\u00famero de <strong>pacientes<\/strong> sabemos muy bien que no todas las <strong>t\u00e9cnicas<\/strong> funcionan en todos los pacientes. Se trata de aplicar aquella aproximaci\u00f3n que resulte m\u00e1s <strong>adecuada<\/strong> para cada <strong>persona<\/strong>.<\/p>\n<p>Soy un firme partidario de integrar <strong>t\u00e9cnicas<\/strong>, siempre partiendo de una formaci\u00f3n s\u00f3lida en cada una de ellas y de la aplicaci\u00f3n de unos <strong>criterios<\/strong> claros y <strong>precisos<\/strong> en funci\u00f3n de la <strong>problem\u00e1tica<\/strong> a <strong>tratar<\/strong>. S\u00f3lo as\u00ed pueden conseguirse <strong>intervenciones<\/strong> aut\u00e9nticamente <strong>eficaces<\/strong>.<\/p>\n<p>[\/et_pb_text][\/et_pb_column][et_pb_column type=\u00bb1_3&#8243; _builder_version=\u00bb3.0.47&#8243; custom_padding=\u00bb|||\u00bb custom_padding__hover=\u00bb|||\u00bb][et_pb_image src=\u00bbhttps:\/\/psicologopgr.es\/psicologo-clinico-madrid\/wp-content\/uploads\/2019\/03\/terapia_integradora.jpg\u00bb align_tablet=\u00bbcenter\u00bb align_phone=\u00bb\u00bb align_last_edited=\u00bbon|desktop\u00bb _builder_version=\u00bb3.23&#8243;]<\/p>\n<p>[\/et_pb_image][\/et_pb_column][\/et_pb_row][\/et_pb_section]<\/p>\n","protected":false},"excerpt":{"rendered":"<p>En la actualidad, existen muchas aproximaciones y escuelas terap\u00e9uticas. Ninguna de ellas tiene la verdad absoluta ni es aplicable a todos los problemas ni a todas las personas. Los psic\u00f3logos que, a lo largo de nuestra carrera profesional, hemos trabajado con un amplio n\u00famero de pacientes sabemos muy bien que no todas las t\u00e9cnicas funcionan [&hellip;]<\/p>\n","protected":false},"author":2,"featured_media":941,"parent":15,"menu_order":0,"comment_status":"closed","ping_status":"closed","template":"","meta":{"_et_pb_use_builder":"on","_et_pb_old_content":"","_et_gb_content_width":"","footnotes":""},"class_list":["post-108","page","type-page","status-publish","has-post-thumbnail","hentry"],"_links":{"self":[{"href":"https:\/\/psicologopgr.es\/psicologo-clinico-madrid\/wp-json\/wp\/v2\/pages\/108","targetHints":{"allow":["GET"]}}],"collection":[{"href":"https:\/\/psicologopgr.es\/psicologo-clinico-madrid\/wp-json\/wp\/v2\/pages"}],"about":[{"href":"https:\/\/psicologopgr.es\/psicologo-clinico-madrid\/wp-json\/wp\/v2\/types\/page"}],"author":[{"embeddable":true,"href":"https:\/\/psicologopgr.es\/psicologo-clinico-madrid\/wp-json\/wp\/v2\/users\/2"}],"replies":[{"embeddable":true,"href":"https:\/\/psicologopgr.es\/psicologo-clinico-madrid\/wp-json\/wp\/v2\/comments?post=108"}],"version-history":[{"count":3,"href":"https:\/\/psicologopgr.es\/psicologo-clinico-madrid\/wp-json\/wp\/v2\/pages\/108\/revisions"}],"predecessor-version":[{"id":1214,"href":"https:\/\/psicologopgr.es\/psicologo-clinico-madrid\/wp-json\/wp\/v2\/pages\/108\/revisions\/1214"}],"up":[{"embeddable":true,"href":"https:\/\/psicologopgr.es\/psicologo-clinico-madrid\/wp-json\/wp\/v2\/pages\/15"}],"wp:featuredmedia":[{"embeddable":true,"href":"https:\/\/psicologopgr.es\/psicologo-clinico-madrid\/wp-json\/wp\/v2\/media\/941"}],"wp:attachment":[{"href":"https:\/\/psicologopgr.es\/psicologo-clinico-madrid\/wp-json\/wp\/v2\/media?parent=108"}],"curies":[{"name":"wp","href":"https:\/\/api.w.org\/{rel}","templated":true}]}}